{"id":193,"date":"2021-11-05T10:22:23","date_gmt":"2021-11-05T10:22:23","guid":{"rendered":"https:\/\/rpmconstrucoes.com\/?page_id=193"},"modified":"2021-12-22T11:05:39","modified_gmt":"2021-12-22T11:05:39","slug":"termos-e-condicoes","status":"publish","type":"page","link":"https:\/\/www.rpmconstrucoes.com\/en\/termos-e-condicoes\/","title":{"rendered":"Pol\u00edtica de Prote\u00e7\u00e3o de Cookies"},"content":{"rendered":"<p>Lorem ipsum dolor sit amet, consectetur adipiscing elit. Duis nisi risus, pharetra vitae est id, vulputate ultrices libero. Donec non blandit urna. Morbi sollicitudin maximus venenatis. Etiam euismod mi eu orci dignissim, quis interdum dui ultrices. Proin non lacus sit amet massa sodales faucibus ut eu dolor. Maecenas lectus velit, porta non urna a, lacinia dapibus urna. In turpis ipsum, ornare sit amet viverra vel, aliquet eu dolor. Duis faucibus, risus non malesuada venenatis, augue lectus pellentesque lorem, quis bibendum urna elit quis arcu. Curabitur placerat erat nec aliquet aliquet. Aliquam iaculis quam quis tortor varius, ut ultricies lectus bibendum. Vivamus vel erat sed mi elementum aliquam.<\/p>\n<p>Sed tortor massa, blandit vitae metus a, varius interdum massa. Morbi facilisis libero non quam dapibus, ac pellentesque ligula egestas. Integer vel metus tincidunt turpis egestas rhoncus eu ac ipsum. Mauris at lorem vulputate, accumsan mi ut, ultricies lorem. Sed efficitur leo risus. Ut ac orci vitae purus ornare consequat nec et nunc. Donec a justo eu neque euismod tincidunt aliquet a turpis. Fusce varius congue purus eget porttitor. Vestibulum nec risus eget enim suscipit porttitor et in eros. Vestibulum posuere eu augue vitae congue.<\/p>\n<p>Nam diam ligula, ultricies eu orci eu, facilisis varius diam. Integer at dui mi. Suspendisse potenti. Curabitur vel ex viverra purus posuere tempus quis eu odio. Nullam facilisis dapibus tincidunt. Suspendisse rhoncus erat eu magna fermentum, ac gravida felis luctus. Morbi vestibulum vel lacus eu maximus. Fusce faucibus tincidunt purus non ultrices. Ut porta sollicitudin diam, rutrum mollis orci varius blandit. Suspendisse sit amet ex risus. Vestibulum eget lorem quam. Cras sed libero ac libero blandit tincidunt. Praesent aliquet, orci sed bibendum maximus, metus enim suscipit risus, quis posuere dui lectus nec diam. Vestibulum et congue velit. Aenean eu erat sed velit dapibus porta ut hendrerit est. Sed placerat scelerisque lectus, sit amet sodales mauris rutrum eget.<\/p>","protected":false},"excerpt":{"rendered":"<p>Lorem ipsum dolor sit amet, consectetur adipiscing elit. Duis nisi risus, pharetra vitae est id, vulputate ultrices libero. Donec non blandit urna. Morbi sollicitudin maximus venenatis. Etiam euismod mi eu orci dignissim, quis interdum dui ultrices. Proin non lacus sit amet massa sodales faucibus ut eu dolor. Maecenas lectus velit, porta non urna a, lacinia [&hellip;]<\/p>\n","protected":false},"author":1,"featured_media":0,"parent":0,"menu_order":7,"comment_status":"closed","ping_status":"closed","template":"","meta":{"_acf_changed":false,"inline_featured_image":false,"footnotes":""},"class_list":["post-193","page","type-page","status-publish","hentry"],"acf":[],"_links":{"self":[{"href":"https:\/\/www.rpmconstrucoes.com\/en\/wp-json\/wp\/v2\/pages\/193","targetHints":{"allow":["GET"]}}],"collection":[{"href":"https:\/\/www.rpmconstrucoes.com\/en\/wp-json\/wp\/v2\/pages"}],"about":[{"href":"https:\/\/www.rpmconstrucoes.com\/en\/wp-json\/wp\/v2\/types\/page"}],"author":[{"embeddable":true,"href":"https:\/\/www.rpmconstrucoes.com\/en\/wp-json\/wp\/v2\/users\/1"}],"replies":[{"embeddable":true,"href":"https:\/\/www.rpmconstrucoes.com\/en\/wp-json\/wp\/v2\/comments?post=193"}],"version-history":[{"count":6,"href":"https:\/\/www.rpmconstrucoes.com\/en\/wp-json\/wp\/v2\/pages\/193\/revisions"}],"predecessor-version":[{"id":406,"href":"https:\/\/www.rpmconstrucoes.com\/en\/wp-json\/wp\/v2\/pages\/193\/revisions\/406"}],"wp:attachment":[{"href":"https:\/\/www.rpmconstrucoes.com\/en\/wp-json\/wp\/v2\/media?parent=193"}],"curies":[{"name":"wp","href":"https:\/\/api.w.org\/{rel}","templated":true}]}}